{"id":14869,"date":"2014-05-20T07:51:11","date_gmt":"2014-05-20T07:51:11","guid":{"rendered":"http:\/\/demo.qodeinteractive.com\/bridge83\/?page_id=14869"},"modified":"2016-06-15T21:24:26","modified_gmt":"2016-06-15T21:24:26","slug":"home","status":"publish","type":"page","link":"https:\/\/maestroencasa.cl\/","title":{"rendered":"Home"},"content":{"rendered":"<div      class=\"vc_row wpb_row section vc_row-fluid grid_section\" style=' padding-top:50px; padding-bottom:9px; text-align:center;'><div class=\" section_inner clearfix\"><div class='section_inner_margin clearfix'>\n\t<div class=\"vc_col-sm-8 vc_col-lg-offset-3 vc_col-lg-4 vc_col-md-offset-3 vc_col-md-4 vc_col-xs-12 wpb_column vc_column_container \">\n\t\t<div class=\"wpb_wrapper\">\n\t\t\t<div class=\"separator  transparent center  \" style=\"margin-top: 6px;margin-bottom: 0px;\"><\/div>\n\n\t<div class=\"wpb_text_column wpb_content_element \">\n\t\t<div class=\"wpb_wrapper\">\n\t\t\t<h5 style=\"text-align: center;\"><strong><span style=\"color: #464646;\">\u00bfNecesitas cambiar, reparar o instalar algo en tu hogar?<br \/>\n<\/span><\/strong><\/h5>\n\n\t\t<\/div> \n\t<\/div> <div class=\"separator  transparent center  \" style=\"margin-top: 40px;margin-bottom: 0px;\"><\/div>\n\n\t\t<\/div> \n\t<\/div> \n\n\t<div class=\"vc_col-sm-4 vc_col-lg-2 vc_col-md-2 vc_col-xs-12 wpb_column vc_column_container \">\n\t\t<div class=\"wpb_wrapper\">\n\t\t\t<a  href=\"tel:+56975190058\" target=\"_self\" data-hover-background-color=#222222  class=\"qbutton  large\" style=\"background-color: #25b89a;\">LL\u00c1MANOS<\/a><div class=\"separator  transparent center  \" style=\"margin-top: 40px;margin-bottom: 0px;\"><\/div>\n\n\t\t<\/div> \n\t<\/div> \n<\/div><\/div><\/div><div   data-q_id=\"#nosotros\"    class=\"vc_row wpb_row section vc_row-fluid grid_section\" style='background-color:#eeeeee; padding-top:76px; padding-bottom:65px; text-align:center;'><div class=\" section_inner clearfix\"><div class='section_inner_margin clearfix'>\n\t<div class=\"vc_col-sm-10 vc_col-lg-offset-1 vc_col-lg-10 vc_col-md-offset-1 vc_col-md-10 vc_col-sm-offset-1 vc_col-xs-12 wpb_column vc_column_container \">\n\t\t<div class=\"wpb_wrapper\">\n\t\t\t\n\t<div class=\"wpb_text_column wpb_content_element \">\n\t\t<div class=\"wpb_wrapper\">\n\t\t\t<h2 style=\"text-align: center;\">Qui\u00e9nes Somos<\/h2>\n\n\t\t<\/div> \n\t<\/div> <div class=\"separator  small center  \" style=\"margin-top: 21px;margin-bottom: 21px;background-color: #25b89a;height: 6px;width: 61px;\"><\/div>\n\n\t<div class=\"wpb_text_column wpb_content_element \">\n\t\t<div class=\"wpb_wrapper\">\n\t\t\t<h5 style=\"text-align: center;\">Somos Maestro en Casa, tu mejor aliado cuando de cosas del hogar se trata. Reparamos e instalamos desde gomas de llaves de agua hasta cortinas o cerraduras.<\/h5>\n<h5 style=\"text-align: center;\">Nuestro oficio va siempre de la mano con profesionalismo y transparencia, y te damos todas las garant\u00edas necesarias al momento de trabajar.<\/h5>\n\n\t\t<\/div> \n\t<\/div> \n\t\t<\/div> \n\t<\/div> \n<\/div><\/div><\/div><div      class=\"vc_row wpb_row section vc_row-fluid grid_section\" style='background-color:#eeeeee; padding-bottom:84px; text-align:left;'><div class=\" section_inner clearfix\"><div class='section_inner_margin clearfix'>\n\t<div class=\"vc_col-sm-4 wpb_column vc_column_container \">\n\t\t<div class=\"wpb_wrapper\">\n\t\t\t\n\t<div class=\"wpb_single_image wpb_content_element vc_align_center\">\n\t\t<div>\n\t\t<div class=\"wpb_wrapper\">\n\t\t\t\n\t\t\t<div class=\"vc_single_image-wrapper   vc_box_border_grey\"><img width=\"150\" height=\"150\" src=\"https:\/\/maestroencasa.cl\/wp-content\/uploads\/2014\/05\/icon-cliente.png\" class=\"vc_single_image-img attachment-full\" alt=\"\" loading=\"lazy\" \/><\/div>\n\t\t<\/div> \n\t\t<\/div>\n\t<\/div> <div class=\"separator  transparent center  \" style=\"margin-top: 23px;margin-bottom: 0px;\"><\/div>\n\n\t<div class=\"wpb_text_column wpb_content_element \">\n\t\t<div class=\"wpb_wrapper\">\n\t\t\t<h3 style=\"text-align: left;\">Confianza<\/h3>\n\n\t\t<\/div> \n\t<\/div> <div class=\"separator  transparent center  \" style=\"margin-top: 14px;margin-bottom: 0px;\"><\/div>\n\n\t<div class=\"wpb_text_column wpb_content_element \">\n\t\t<div class=\"wpb_wrapper\">\n\t\t\t<p>Contamos con maestros especializados en cada \u00e1rea de trabajo. Todo nuestro equipo est\u00e1 seleccionado en base a rigurosos criterios, preocup\u00e1ndonos as\u00ed de entregar la mayor confianza posible en cada trabajo que hacemos.<\/p>\n\n\t\t<\/div> \n\t<\/div> <div class=\"separator  transparent center  \" style=\"margin-top: 40px;margin-bottom: 0px;\"><\/div>\n\n\t\t<\/div> \n\t<\/div> \n\n\t<div class=\"vc_col-sm-4 wpb_column vc_column_container \">\n\t\t<div class=\"wpb_wrapper\">\n\t\t\t\n\t<div class=\"wpb_single_image wpb_content_element vc_align_center\">\n\t\t<div>\n\t\t<div class=\"wpb_wrapper\">\n\t\t\t\n\t\t\t<div class=\"vc_single_image-wrapper   vc_box_border_grey\"><img width=\"150\" height=\"150\" src=\"https:\/\/maestroencasa.cl\/wp-content\/uploads\/2014\/05\/icono-calidad.png\" class=\"vc_single_image-img attachment-full\" alt=\"\" loading=\"lazy\" \/><\/div>\n\t\t<\/div> \n\t\t<\/div>\n\t<\/div> <div class=\"separator  transparent center  \" style=\"margin-top: 23px;margin-bottom: 0px;\"><\/div>\n\n\t<div class=\"wpb_text_column wpb_content_element \">\n\t\t<div class=\"wpb_wrapper\">\n\t\t\t<h3 style=\"text-align: left;\">Calidad<\/h3>\n\n\t\t<\/div> \n\t<\/div> <div class=\"separator  transparent center  \" style=\"margin-top: 14px;margin-bottom: 0px;\"><\/div>\n\n\t<div class=\"wpb_text_column wpb_content_element \">\n\t\t<div class=\"wpb_wrapper\">\n\t\t\t<p>Trabajamos con materiales e insumos de primer nivel, lo que junto a nuestro calificado equipo produce un resultado de excelencia. Entendemos tus necesidades porque tambi\u00e9n las tenemos, no m\u00e1s malos ratos por trabajos mal hechos.<\/p>\n\n\t\t<\/div> \n\t<\/div> <div class=\"separator  transparent center  \" style=\"margin-top: 40px;margin-bottom: 0px;\"><\/div>\n\n\t\t<\/div> \n\t<\/div> \n\n\t<div class=\"vc_col-sm-4 wpb_column vc_column_container \">\n\t\t<div class=\"wpb_wrapper\">\n\t\t\t\n\t<div class=\"wpb_single_image wpb_content_element vc_align_center\">\n\t\t<div>\n\t\t<div class=\"wpb_wrapper\">\n\t\t\t\n\t\t\t<div class=\"vc_single_image-wrapper   vc_box_border_grey\"><img width=\"150\" height=\"150\" src=\"https:\/\/maestroencasa.cl\/wp-content\/uploads\/2014\/05\/icon-confianza.png\" class=\"vc_single_image-img attachment-full\" alt=\"\" loading=\"lazy\" \/><\/div>\n\t\t<\/div> \n\t\t<\/div>\n\t<\/div> <div class=\"separator  transparent center  \" style=\"margin-top: 23px;margin-bottom: 0px;\"><\/div>\n\n\t<div class=\"wpb_text_column wpb_content_element \">\n\t\t<div class=\"wpb_wrapper\">\n\t\t\t<h3 style=\"text-align: left;\">Garant\u00eda<\/h3>\n\n\t\t<\/div> \n\t<\/div> <div class=\"separator  transparent center  \" style=\"margin-top: 14px;margin-bottom: 0px;\"><\/div>\n\n\t<div class=\"wpb_text_column wpb_content_element \">\n\t\t<div class=\"wpb_wrapper\">\n\t\t\t<p>Un gran problema hoy en d\u00eda con los trabajos de hogar son las garant\u00edas. Es por ello que todos nuestros trabajos cuentan con la seguridad necesaria para que ante cualquier eventualidad el equipo de Maestro en Casa se haga cargo.<\/p>\n\n\t\t<\/div> \n\t<\/div> <div class=\"separator  transparent center  \" style=\"margin-top: 40px;margin-bottom: 0px;\"><\/div>\n\n\t\t<\/div> \n\t<\/div> \n<\/div><\/div><\/div><div   data-q_id=\"#servicios\"    class=\"vc_row wpb_row section vc_row-fluid grid_section\" style=' padding-top:76px; padding-bottom:65px; text-align:center;'><div class=\" section_inner clearfix\"><div class='section_inner_margin clearfix'>\n\t<div class=\"vc_col-sm-10 vc_col-lg-offset-1 vc_col-lg-10 vc_col-md-offset-1 vc_col-md-10 vc_col-sm-offset-1 vc_col-xs-12 wpb_column vc_column_container \">\n\t\t<div class=\"wpb_wrapper\">\n\t\t\t\n\t<div class=\"wpb_text_column wpb_content_element \">\n\t\t<div class=\"wpb_wrapper\">\n\t\t\t<h2 style=\"text-align: center;\">Servicios<\/h2>\n\n\t\t<\/div> \n\t<\/div> <div class=\"separator  small center  \" style=\"margin-top: 21px;margin-bottom: 21px;background-color: #25b89a;height: 6px;width: 61px;\"><\/div>\n\n\t<div class=\"wpb_text_column wpb_content_element \">\n\t\t<div class=\"wpb_wrapper\">\n\t\t\t<h5 style=\"text-align: center;\">Tenemos una gran variedad de servicios en Gasfiter\u00eda, Alba\u00f1iler\u00eda y Carpinter\u00eda, y Electricidad.<\/h5>\n<h5 style=\"text-align: center;\">Deja los quehaceres de tu hogar en manos de Maestro en Casa.<\/h5>\n\n\t\t<\/div> \n\t<\/div> \n\t\t<\/div> \n\t<\/div> \n<\/div><\/div><\/div><div      class=\"vc_row wpb_row section vc_row-fluid grid_section\" style=' padding-bottom:86px; text-align:center;'><div class=\" section_inner clearfix\"><div class='section_inner_margin clearfix'>\n\t<div class=\"vc_col-sm-12 wpb_column vc_column_container \">\n\t\t<div class=\"wpb_wrapper\">\n\t\t\t\n\t<div class=\"wpb_tabstabs_holder clearfix  title_left_align\" data-interval=\"0\">\n\t\t<div class=\"q_tabs vertical left\">\n\t\t\t<ul class=\"tabs-nav\"><li><a href=\"#tab-38aca7a5-367d-8\">Gasfiter\u00eda<\/a><\/li><li><a href=\"#tab-d74b3a8d-f1d1-1\">Alba\u00f1iler\u00eda y Carpinter\u00eda<\/a><\/li><li><a href=\"#tab-1430739489637-2-6\">Electricidad<\/a><\/li><li><a href=\"#tab-1454517096825-4-7\">Computaci\u00f3n<\/a><\/li><li><a href=\"#tab-1453210358002-3-10\">\u00c1reas de Cobertura<\/a><\/li><\/ul>\n<div class='tabs-container'>\n\t\t\t\n\t\t\t<div id=\"tab-38aca7a5-367d-8\" class=\"tab-content\">\n\t\t\t\t\n\t<div class=\"wpb_single_image wpb_content_element vc_align_center\">\n\t\t<div>\n\t\t<div class=\"wpb_wrapper\">\n\t\t\t\n\t\t\t<div class=\"vc_single_image-wrapper   vc_box_border_grey\"><\/div>\n\t\t<\/div> \n\t\t<\/div>\n\t<\/div> \n\t<div class=\"wpb_text_column wpb_content_element \">\n\t\t<div class=\"wpb_wrapper\">\n\t\t\t<ul>\n<li>Cambio de Gomas de Llaves<\/li>\n<li>Instalaci\u00f3n de Llave de Agua<\/li>\n<li>Instalaci\u00f3n de Sif\u00f3n<\/li>\n<li>Destapes de Lavaplatos, Lavamanos y WC<\/li>\n<li>Instalaci\u00f3n de: Lavadoras, Secadores y Lavavajillas<\/li>\n<\/ul>\n\n\t\t<\/div> \n\t<\/div> <div class=\"separator  transparent center  \" style=\"margin-top: 50px;margin-bottom: 0px;\"><\/div>\n\n\t\t\t<\/div> \n\t\t\t<div id=\"tab-d74b3a8d-f1d1-1\" class=\"tab-content\">\n\t\t\t\t\n\t<div class=\"wpb_single_image wpb_content_element vc_align_center\">\n\t\t<div>\n\t\t<div class=\"wpb_wrapper\">\n\t\t\t\n\t\t\t<div class=\"vc_single_image-wrapper   vc_box_border_grey\"><\/div>\n\t\t<\/div> \n\t\t<\/div>\n\t<\/div> <div class=\"separator  transparent center  \" style=\"margin-top: 12px;margin-bottom: 0px;\"><\/div>\n\n\t<div class=\"wpb_text_column wpb_content_element \">\n\t\t<div class=\"wpb_wrapper\">\n\t\t\t<ul>\n<li>Pintura de Muros<\/li>\n<li>Recambio de Cer\u00e1mica<\/li>\n<li>Instalaci\u00f3n de Piso Flotante<\/li>\n<li>Cambio de Bisagras<\/li>\n<li>Instalaci\u00f3n de Cortinas<\/li>\n<li>Instalaci\u00f3n de Cerraduras<\/li>\n<li>Instalaci\u00f3n de Puertas<\/li>\n<li>Armado de Muebles<\/li>\n<\/ul>\n\n\t\t<\/div> \n\t<\/div> <div class=\"separator  transparent center  \" style=\"margin-top: 50px;margin-bottom: 0px;\"><\/div>\n\n\t\t\t<\/div> \n\t\t\t<div id=\"tab-1430739489637-2-6\" class=\"tab-content\">\n\t\t\t\t\n\t<div class=\"wpb_single_image wpb_content_element vc_align_center\">\n\t\t<div>\n\t\t<div class=\"wpb_wrapper\">\n\t\t\t\n\t\t\t<div class=\"vc_single_image-wrapper   vc_box_border_grey\"><\/div>\n\t\t<\/div> \n\t\t<\/div>\n\t<\/div> \n\t<div class=\"wpb_text_column wpb_content_element \">\n\t\t<div class=\"wpb_wrapper\">\n\t\t\t<ul>\n<li>Instalaci\u00f3n de L\u00e1mparas<\/li>\n<li>Cambio de Enchufes o Interruptores<\/li>\n<\/ul>\n\n\t\t<\/div> \n\t<\/div> <div class=\"separator  transparent center  \" style=\"margin-top: 50px;margin-bottom: 0px;\"><\/div>\n\n\t\t\t<\/div> \n\t\t\t<div id=\"tab-1454517096825-4-7\" class=\"tab-content\">\n\t\t\t\t\n\t<div class=\"wpb_text_column wpb_content_element \">\n\t\t<div class=\"wpb_wrapper\">\n\t\t\t<ul>\n<li>Limpieza de Computadores<\/li>\n<li>Cambio de Bater\u00eda<\/li>\n<li>Instalaci\u00f3n de Memorias Ram<\/li>\n<li>Reparaci\u00f3n de Cables<\/li>\n<li>Actualizaci\u00f3n e Instalaci\u00f3n de Softwares (Apple y PC)<\/li>\n<\/ul>\n\n\t\t<\/div> \n\t<\/div> \n\t\t\t<\/div> \n\t\t\t<div id=\"tab-1453210358002-3-10\" class=\"tab-content\">\n\t\t\t\t\n\t<div class=\"wpb_text_column wpb_content_element \">\n\t\t<div class=\"wpb_wrapper\">\n\t\t\t<ul>\n<li>Las Condes<\/li>\n<li>Vitacura<\/li>\n<li>Lo Barnechea<\/li>\n<li>Providencia<\/li>\n<\/ul>\n\n\t\t<\/div> \n\t<\/div> \n\t\t\t<\/div> <\/div>\n\t\t<\/div> \n\t<\/div> \n\t\t<\/div> \n\t<\/div> \n<\/div><\/div><\/div><div   data-q_id=\"#contacto\"    class=\"vc_row wpb_row section vc_row-fluid grid_section\" style='background-color:#eeeeee; padding-top:76px; padding-bottom:65px; text-align:center;'><div class=\" section_inner clearfix\"><div class='section_inner_margin clearfix'>\n\t<div class=\"vc_col-sm-10 vc_col-lg-offset-1 vc_col-lg-10 vc_col-md-offset-1 vc_col-md-10 vc_col-sm-offset-1 vc_col-xs-12 wpb_column vc_column_container \">\n\t\t<div class=\"wpb_wrapper\">\n\t\t\t\n\t<div class=\"wpb_text_column wpb_content_element \">\n\t\t<div class=\"wpb_wrapper\">\n\t\t\t<h2 style=\"text-align: center;\">Contacto<\/h2>\n\n\t\t<\/div> \n\t<\/div> <div class=\"separator  small center  \" style=\"margin-top: 21px;margin-bottom: 21px;background-color: #25b89a;height: 6px;width: 61px;\"><\/div>\n\n\t<div class=\"wpb_text_column wpb_content_element \">\n\t\t<div class=\"wpb_wrapper\">\n\t\t\t<h5 style=\"text-align: center;\">Para cotizaciones, comentarios o dudas, puedes llamarnos o escribirnos mediante el formulario que tenemos dispuesto para ti.<\/h5>\n\n\t\t<\/div> \n\t<\/div> \n\t\t<\/div> \n\t<\/div> \n<\/div><\/div><\/div><div      class=\"vc_row wpb_row section vc_row-fluid grid_section\" style='background-color:#eeeeee; text-align:center;'><div class=\" section_inner clearfix\"><div class='section_inner_margin clearfix'>\n\t<div class=\"vc_col-sm-12 wpb_column vc_column_container \">\n\t\t<div class=\"wpb_wrapper\">\n\t\t\t<div      class=\"vc_row wpb_row section vc_inner vc_row-fluid\" style=' text-align:left;'><div class=\" full_section_inner clearfix\">\n\t<div class=\"vc_col-sm-6 wpb_column vc_column_container \">\n\t\t<div class=\"wpb_wrapper\">\n\t\t\t<div class=\"separator  transparent center  \" style=\"margin-top: 32px;margin-bottom: 0px;\"><\/div>\n\n\t<div class=\"wpb_text_column wpb_content_element \">\n\t\t<div class=\"wpb_wrapper\">\n\t\t\t<p>Horario de Atenci\u00f3n:<\/p>\n<p>Lunes a Viernes de 9am a 6pm<\/p>\n<p>S\u00e1bados de 9am a 2pm<\/p>\n\n\t\t<\/div> \n\t<\/div> <div class=\"separator  transparent center  \" style=\"margin-top: 26px;margin-bottom: 0px;\"><\/div>\n\n\t<div class=\"wpb_text_column wpb_content_element \">\n\t\t<div class=\"wpb_wrapper\">\n\t\t\t<p>Email: \u00a0 \u00a0\u00a0 <a href=\"mailto:contacto@maestroencasa.cl\">contacto@maestroencasa.cl<\/a><\/p>\n<p>Tel\u00e9fono: \u00a0\u00a0 <a href=\"tel:+56 9 7519 0058\">+56 9 7519 0058<\/a><\/p>\n\n\t\t<\/div> \n\t<\/div> <div class=\"separator  transparent center  \" style=\"margin-top: 26px;margin-bottom: 0px;\"><\/div>\n<span class='q_social_icon_holder circle_social' ><a href='https:\/\/www.facebook.com\/maestroencasachile\/?fref=ts' target='_blank'><span class='fa-stack fa-lg' style=''><i class=\"qode_icon_font_awesome fa fa-facebook \" style=\"\" ><\/i><\/span><\/a><\/span><span class='q_social_icon_holder circle_social' ><a href='http:\/\/twitter.com\/maestroencasacl' target='_blank'><span class='fa-stack fa-lg' style=''><i class=\"qode_icon_font_awesome fa fa-twitter \" style=\"\" ><\/i><\/span><\/a><\/span><span class='q_social_icon_holder circle_social' ><a href='https:\/\/www.linkedin.com\/company\/maestroencasa' target='_blank'><span class='fa-stack fa-lg' style=''><i class=\"qode_icon_font_awesome fa fa-linkedin \" style=\"\" ><\/i><\/span><\/a><\/span>\n\t\t<\/div> \n\t<\/div> \n\n\t<div class=\"vc_col-sm-6 wpb_column vc_column_container \">\n\t\t<div class=\"wpb_wrapper\">\n\t\t\t<div role=\"form\" class=\"wpcf7\" id=\"wpcf7-f15349-o1\" lang=\"en-US\" dir=\"ltr\">\n<div class=\"screen-reader-response\" role=\"alert\" aria-live=\"polite\"><\/div>\n<form action=\"\/index.php?rest_route=%2Fwp%2Fv2%2Fpages%2F14869#wpcf7-f15349-o1\" method=\"post\" class=\"wpcf7-form init cf7_custom_style_1\" novalidate=\"novalidate\">\n<div style=\"display: none;\">\n<input type=\"hidden\" name=\"_wpcf7\" value=\"15349\" \/>\n<input type=\"hidden\" name=\"_wpcf7_version\" value=\"5.2.1\" \/>\n<input type=\"hidden\" name=\"_wpcf7_locale\" value=\"en_US\" \/>\n<input type=\"hidden\" name=\"_wpcf7_unit_tag\" value=\"wpcf7-f15349-o1\" \/>\n<input type=\"hidden\" name=\"_wpcf7_container_post\" value=\"0\" \/>\n<input type=\"hidden\" name=\"_wpcf7_posted_data_hash\" value=\"\" \/>\n<\/div>\n<p><span class=\"wpcf7-form-control-wrap name\"><input type=\"text\" name=\"name\" value=\"\" size=\"40\" class=\"wpcf7-form-control wpcf7-text wpcf7-validates-as-required\" aria-required=\"true\" aria-invalid=\"false\" placeholder=\"Nombre*\" \/><\/span><\/p>\n<p><span class=\"wpcf7-form-control-wrap email\"><input type=\"email\" name=\"email\" value=\"\" size=\"40\" class=\"wpcf7-form-control wpcf7-text wpcf7-email wpcf7-validates-as-required wpcf7-validates-as-email\" aria-required=\"true\" aria-invalid=\"false\" placeholder=\"E-mail*\" \/><\/span><\/p>\n<p><span class=\"wpcf7-form-control-wrap message\"><textarea name=\"message\" cols=\"40\" rows=\"9\" class=\"wpcf7-form-control wpcf7-textarea wpcf7-validates-as-required\" aria-required=\"true\" aria-invalid=\"false\">Consulta*<\/textarea><\/span><\/p>\n<p style=\"text-align: right;\"><input type=\"submit\" value=\"ENVIAR\" class=\"wpcf7-form-control wpcf7-submit\" \/><\/p>\n<div class=\"wpcf7-response-output\" role=\"alert\" aria-hidden=\"true\"><\/div><\/form><\/div>\n\t\t<\/div> \n\t<\/div> \n<\/div><\/div>\n\t\t<\/div> \n\t<\/div> \n<\/div><\/div><\/div>\n","protected":false},"excerpt":{"rendered":"\u00bfNecesitas cambiar, reparar o instalar algo en tu hogar? LL\u00c1MANOS Qui\u00e9nes Somos Somos Maestro en Casa, tu mejor aliado cuando de cosas del hogar se trata. Reparamos e instalamos desde gomas de llaves de agua hasta cortinas o cerraduras. Nuestro oficio va siempre de la...","protected":false},"author":1,"featured_media":0,"parent":0,"menu_order":0,"comment_status":"open","ping_status":"open","template":"full_width.php","meta":[],"_links":{"self":[{"href":"https:\/\/maestroencasa.cl\/index.php?rest_route=\/wp\/v2\/pages\/14869"}],"collection":[{"href":"https:\/\/maestroencasa.cl\/index.php?rest_route=\/wp\/v2\/pages"}],"about":[{"href":"https:\/\/maestroencasa.cl\/index.php?rest_route=\/wp\/v2\/types\/page"}],"author":[{"embeddable":true,"href":"https:\/\/maestroencasa.cl\/index.php?rest_route=\/wp\/v2\/users\/1"}],"replies":[{"embeddable":true,"href":"https:\/\/maestroencasa.cl\/index.php?rest_route=%2Fwp%2Fv2%2Fcomments&post=14869"}],"version-history":[{"count":16,"href":"https:\/\/maestroencasa.cl\/index.php?rest_route=\/wp\/v2\/pages\/14869\/revisions"}],"predecessor-version":[{"id":15426,"href":"https:\/\/maestroencasa.cl\/index.php?rest_route=\/wp\/v2\/pages\/14869\/revisions\/15426"}],"wp:attachment":[{"href":"https:\/\/maestroencasa.cl\/index.php?rest_route=%2Fwp%2Fv2%2Fmedia&parent=14869"}],"curies":[{"name":"wp","href":"https:\/\/api.w.org\/{rel}","templated":true}]}}